{"id":7496,"date":"2024-04-11T13:13:10","date_gmt":"2024-04-11T13:13:10","guid":{"rendered":"https:\/\/zigazois.edu.it\/?page_id=7496"},"modified":"2024-08-20T09:04:19","modified_gmt":"2024-08-20T09:04:19","slug":"statut-djakov","status":"publish","type":"page","link":"https:\/\/zigazois.edu.it\/sl\/statut-djakov\/","title":{"rendered":"Statut djakov"},"content":{"rendered":"<p>STATUT DIJAKINJ IN DIJAKOV SREDNJIH \u0160OL<br \/>\nOPR \u0161t. 249\/1998<br \/>\nspremenjen z OPR \u0161t. 235\/2007<br \/>\nl.\u010dlen &#8211; \u017divljenje v \u0161olski skupnosti<br \/>\n1. Namen \u0161ole sta vzgoja in izobra\u017eevanje prek u\u010denja, pridobivanja znanja in razvoja<br \/>\nkriti\u010dne zavesti.<br \/>\n2. \u0160ola je skupnost medsebojnega sodelovanja, raziskovalnih in socialnih izku\u0161enj, gradi<br \/>\nna demokrati\u010dnih vrednotah in si prizadeva za vsestransko rast posameznika. V njej<br \/>\nvsakdo, v skladu s svojo vlogo, enakovredno prispeva k izoblikovanju dr\u017eavljanske<br \/>\nzavesti, izvajanju pravice do u\u010denja, razvijanju posameznikovih sposobnosti ter k<br \/>\npreseganju neenakosti, in to v skladu z na\u010deli Ustave in Meddr\u017eavne konvencije o pravicah<br \/>\notrok, ki je bila podpisana v New Yorku dne 20. novembra 1989, ter v skladu s splo\u0161nimi<br \/>\nna\u010deli italijanske dr\u017eavne ureditve.<br \/>\n3. \u0160olska skupnost je sestavni del \u0161ir\u0161e dr\u017eavne in dru\u017ebene skupnosti. V sodelovanju z njo<br \/>\ngradi svoje projekte in svoje vzgojno-izobra\u017eevalno delo na kvaliteti odnosov med u\u010ditelji<br \/>\nin u\u010denci. Osebnost mladega \u010dloveka razvija tudi s tem, da ga vzgaja k uzave\u0161\u010denosti in k<br \/>\novrednotenju lastne identitete, \u010duta odgovornosti in osebne avtonomije. Obenem pa si<br \/>\nprizadeva dosegati kulturne in poklicne cilje, ki so v skladu z razvojem znanosti in primerni<br \/>\nza vklju\u010ditev v aktivno \u017eivljenje.<br \/>\n4. \u017divljenje v \u0161olski skupnosti temelji na svobodi izra\u017eanja, mi\u0161ljenja, vesti in vere, na<br \/>\nmedsebojnem spo\u0161tovanju vseh njenih \u010dlanov, ne glede na njihovo starost in polo\u017eaj, na<br \/>\nodklanjanju kakr\u0161nih koli ideolo\u0161kih, socialnih in kulturnih pregrad.<br \/>\n2. \u010dlen &#8211; Pravice dijakov<br \/>\n1. Dijak ima pravico do kakovostnega kulturnega in poklicnega formiranja, ki naj &#8211; tudi prek usmerjanja &#8211;<br \/>\nspo\u0161tuje in razvija identiteto posameznika ter naj bo odprto do idejnega pluralizma. \u0160ola skrbi za<br \/>\nkontinuiteto v izobra\u017eevanju in goji nagnjenja dijakov. V ta namen nudi primerne informacije, dijakom pa<br \/>\ndopu\u0161\u010da, da postavljajo zahteve, razvijajo svobodno izbrane vsebinske sklope in uresni\u010dujejo samostojne<br \/>\npobude.<br \/>\n2. \u0160olska skupnost spodbuja solidarnost med svojimi \u010dlani in \u0161\u010diti dijakovo pravico do<br \/>\nzasebnosti.<br \/>\n3. Dijak ima pravico, da je seznanjen z odlo\u010ditvami in pravili, ki urejajo \u0161olsko \u017eivljenje.<br \/>\n4. Dijak ima pravico, da se aktivno in odgovorno udele\u017euje \u0161olskega \u017eivljenja. Pri<br \/>\nna\u010drtovanju in dolo\u010danju didakti\u010dnih ciljev, organizaciji \u0161olskega \u017eivljenja, kriterijih<br \/>\nocenjevanja ter izbiri u\u010dbenikov in didakti\u010dnega materiala, to se pravi pri izbirah, ki so v<br \/>\npristojnosti ravnatelja in profesorjev, vzpostavljajo slednji z dijaki konstruktiven dialog po<br \/>\npostopku, ki ga dolo\u010da \u0161olski pravilnik. Dijak ima tudi pravico do takoj\u0161nje in javne ocene.<br \/>\n2<br \/>\nTako se spro\u017ei proces samovrednotenja, ki dijaku omogo\u010di, da spozna svoje trdne in \u0161ibke<br \/>\nto\u010dke ter izbolj\u0161a svoj uspeh.<br \/>\n5. V primerih, ko bi neka odlo\u010ditev pomembno vplivala na organizacijo \u0161olskega \u017eivljenja,<br \/>\nse lahko vodstvo vi\u0161je srednje \u0161ole posvetuje z dijaki, tudi na njihovo pobudo. Tako so<br \/>\nlahko v podobnih primerih in pod istimi pogoji poklicani na posvet dijaki ni\u017eje srednje \u0161ole<br \/>\nali pa njihovi star\u0161i.<br \/>\n6. Dijaki imajo pravico do svobode izobra\u017eevanja in samostojno izbirajo med dopolnilnimi<br \/>\nkurikularnimi dejavnostmi in izbirnimi dodatnimi dejavnostmi, ki jih nudi \u0161ola. Didakti\u010dne<br \/>\nkurikularne dejavnosti in izbirne dodatne dejavnosti upo\u0161tevajo ritem pridobivanja znanja<br \/>\nin \u017eivljenjske potrebe dijakov.<br \/>\n7. Tuji dijaki imajo pravico, da se spo\u0161tujeta kultura in vera skupnosti, ki ji pripadajo. \u0160ola<br \/>\nspodbuja in podpira pobude, namenjene sprejemanju in za\u0161\u010diti njihovega jezika in kulture<br \/>\nter uresni\u010devanju medkulturnih dejavnosti.<br \/>\n8. \u0160ola se obvezuje, da bo postopoma uresni\u010devala pogoje, ki naj zagotovijo:<br \/>\na) ugodno okolje za celovito osebnostno rast in kakovostne u\u010dno-vzgojne storitve;<br \/>\nb) dodatno in dopolnilno izobra\u017eevalno ponudbo, tudi s podpiranjem pobud, ki jih dijaki in<br \/>\nnjihove organizacije izvajajo samostojno,<br \/>\nc) stvarne pobude za odpravljanje zaostankov in neenakosti ter za prepre\u010devanje in<br \/>\nzmanj\u0161evanje \u0161olskega osipa,<br \/>\nd) zdrave in varne prostore, ki morajo biti primerni za vse dijake, tudi za prizadete;<br \/>\ne) primerne tehni\u010dne pripomo\u010dke;<br \/>\nf) slu\u017ebo, ki spodbuja in vzdr\u017euje skrb za zdravje ter nudi psiholo\u0161ko pomo\u010d.<br \/>\n9. \u0160ola v svojem pravilniku jam\u010di in ureja pravico dijakov do sestajanja in zborovanj, in to<br \/>\nna ravni razreda, oddelka in zavoda.<br \/>\n10. \u0160olski pravilnik jam\u010di in ureja pravico do zdru\u017eevanja ter pravico posameznih dijakov<br \/>\nali dija\u0161kih organizacij do izvajanja pobud v sklopu vi\u0161je srednje \u0161ole. Dijakom in njihovim<br \/>\norganizacijam omogo\u010da tudi uporabo prostorov. Poleg tega spodbuja ohranjanje stikov z<br \/>\nbiv\u0161imi dijaki in njihovimi organizacijami.<br \/>\n3. \u010dlen &#8211; Dol\u017enosti dijakov<br \/>\n1. Dijaki so dol\u017eni redno obiskovati pouk in stalno izpolnjevati u\u010dne obveznosti.<br \/>\n2. Dijaki so dol\u017eni izkazovati ravnatelju, profesorjem, vsemu osebju in svojim so\u0161olcem<br \/>\nenako, tudi formalno spo\u0161tovanje, kakr\u0161no zahtevajo zase.<br \/>\n3. Pri uveljavljanju pravic in izpolnjevanju dol\u017enosti so se dijaki dol\u017eni obna\u0161ati korektno,<br \/>\nv skladu z na\u010deli 1. \u010dlena.<br \/>\n4. Dijaki so dol\u017eni spo\u0161tovati organizacijske in varnostne ukrepe, ki jih dolo\u010da pravilnik<br \/>\nposameznega zavoda.<br \/>\n5. Dijaki morajo uporabljati na primeren na\u010din \u0161olske strukture, stroje in didakti\u010dne<br \/>\npripomo\u010dke ter se v \u0161oli tako obna\u0161ati, da ne po\u0161kodujejo \u0161olske lastnine.<br \/>\n3<br \/>\n6. Dijaki so soodgovorni za ustvarjanje prijetnega \u0161olskega okolja in skrbijo zanj, saj je pomemben<br \/>\ndejavnik kakovosti \u0161olskega \u017eivljenja.<br \/>\n4. \u010dlen &#8211; Disciplina<br \/>\n1. Pravilniki posameznih \u0161olskih ustanov dolo\u010dajo disciplinske prekr\u0161ke z ozirom na dol\u017enosti, ki so<br \/>\nnavedene v 3. \u010dlenu, na pravilen potek medsebojnih odnosov v \u0161olski skupnosti in na specifi\u010dne<br \/>\nrazmere vsake \u0161ole, nadalje dolo\u010dajo tudi kazni, pristojne organe, ki o njih sklepajo, ter postopke za<br \/>\nnjihovo izvajanje na osnovi kriterijev v nadaljevanju.<br \/>\n2. Disciplinski ukrepi imajo vzgojni namen in te\u017eijo k utrjevanju \u010duta odgovornosti ter k vzpostavljanju<br \/>\nprimernih odnosov v \u0161olski skupnosti, nadalje k ponovni vklju\u010ditvi dijaka s pomo\u010djo raznih dejavnosti<br \/>\nsocialne ali kulturne narave v prid \u0161olske skupnosti.<br \/>\n3. Disciplinska odgovornost je osebna. Nih\u010de ne sme biti kaznovan, \u010de mu prej ni bila dana mo\u017enost, da<br \/>\npojasni svoja stali\u0161\u010da. Noben disciplinski prekr\u0161ek vezan na obna\u0161anje ne sme vplivati na vrednotenje<br \/>\nznanja.<br \/>\n4. Svobodno izra\u017eanje mnenja, \u010de korektno in ne\u017ealjivo za druge, ne sme biti v nobenem primeru<br \/>\nkaznovano.<br \/>\n5. Kazni so vedno za\u010dasne, sorazmerne z disciplinskim prekr\u0161kom, v duhu principa postopnosti ter, po<br \/>\nmo\u017enosti, principa poravanave \u0161kode. Kazni morajo upo\u0161tevati osebne razmere dijaka, vrsto in te\u017eo<br \/>\nprekr\u0161ka ter njegove posledice. Dijak se lahko vedno odlo\u010di, da kazen opravi z dejavnostjo v prid \u0161olski<br \/>\nskupnosti.<br \/>\n6. Kazni, ki predvidevajo izklju\u010ditev iz \u0161ole, dolo\u010da Razredni svet. O izklju\u010ditvah, ki so dalj\u0161e kot 15 dni, in<br \/>\no ne\/pripustitvi dijaka h kon\u010dnemu ocenjevanju\/k dr\u017eavnemu izpitu, dolo\u010da Zavodni svet.<br \/>\n7. Za\u010dasna izklju\u010ditev dijaka je mo\u017ena samo v primeru hudih ali ponavljajo\u010dih se prekr\u0161kov in ne sme<br \/>\ntrajati ve\u010d kot 15 dni.<br \/>\n8. V primeru izklju\u010ditve do 15 dni, mora \u0161ola ohraniti stike z dijakom in z njegovo dru\u017eino v smislu<br \/>\npriprave na ponovno vklju\u010ditev dijaka v \u0161olsko skupnost. Za izklju\u010ditve dalj\u0161e kot 15 dni, se mora \u0161ola<br \/>\npovezati s dijakovo dru\u017eino in, \u010de je potrebno, tudi s socialnimi slu\u017ebami in sodstvom, za na\u010drtovanje<br \/>\nvzgojnega procesa, ki naj pripelje do razvoja \u010duta odgovornosti dijaka in, \u010de je le mo\u017eno, do njegove<br \/>\nponovne vklju\u010ditve v \u0161olsko skupnost.<br \/>\n9. Izklju\u010ditev dijaka iz \u0161olske skupnosti se lahko odredi tudi takrat, ko prekr\u0161ki ranijo osebno dostojanstvo<br \/>\nin spo\u0161tovanje drugih oseb ali ogro\u017eajo njihovo varnost. V takem primeru ne veljajo navodila v 7.<br \/>\nodstavku, trajanje izklju\u010ditve naj bo sorazmerno s te\u017eo prekr\u0161ka oziroma s trajanem stanja nevarnosti.<br \/>\nPo mo\u017enosti se upo\u0161tevajo dolo\u010dila v 8. odstavku.<br \/>\n9-bis. V primerih, ki jih navaja 9. odstavek, \u010de se disciplinski prekr\u0161ek ve\u010dkrat ponavlja, \u010de je nasilje te\u017eko<br \/>\nali narekuje hudo socialno skrb, ko ni mogo\u010de izvesti posegov za odgovorno in pravo\u010dasno vklju\u010ditev<br \/>\ndijaka v \u0161olsko skupnost med \u0161olskim letom, je predvidena izklju\u010ditev iz \u0161olske skupnosti in<br \/>\nneocenitev na zaklju\u010dnem ocenjevanju ali pa ne pripustitev na dr\u017eavni izpit; v manj hudih primerih se<br \/>\nizklju\u010di dijaka iz \u0161olske skupnosti do zaklju\u010dka \u0161olskega leta.<br \/>\n9-ter. Disciplinske kazni, ki jih navaja 6. odstavek in naslednji, se odrejajo le po preverjanju konkretnih in<br \/>\n4<br \/>\nto\u010dnih dokazov po katerih se sklepa, da je osumljeni dijak res zagre\u0161il disciplinski prekr\u0161ek.<br \/>\n10. \u010ce sodna oblast, socialne slu\u017ebe ali objektivni polo\u017eaj, v katerem se nahaja dru\u017eina oziroma dijak,<br \/>\nodsvetujejo ponovno vklju\u010ditev v isto \u0161olsko skupnost, je mo\u017een vpis na drugo \u0161olo, tudi med \u0161olskim<br \/>\nletom.<br \/>\n11. Za kaznovanje disciplinskih prekr\u0161kov med izpiti je pristojna izpitna komisija, kriteriji veljajo tudi za<br \/>\nzunanje kandidate.<br \/>\n5. \u010dlen &#8211; Prizivi<br \/>\n1. Proti disciplinskim ukrepom lahko kdorkoli, ki ima interes, vlo\u017ei priziv, v roku najve\u010d 15. dni po<br \/>\nprejetju sporo\u010dila o odrejeni kazni. Prito\u017ebe je treba poslati na posebni Jamstveni organ, ki ga ustanovi<br \/>\nin uredi vsaka posamezna \u0161ola, in odlo\u010di v roku 10. dni. V tem organu mora biti prisoten vsaj en<br \/>\nizvoljeni predstavnik dijakov za vi\u0161jo srednjo \u0161olo in en predstavnik star\u0161ev za ni\u017ejo srednjo \u0161olo.<br \/>\nOrgan sestavljajo praviloma profesor, ki ga imenuje Zavodni svet, na vi\u0161ji srednji \u0161oli pa tudi izvoljeni<br \/>\ndijak in predstavnik star\u0161ev, medtem ko na ni\u017ejih srednjih \u0161olah sta \u010dlana dva predstavnika star\u0161ev.<br \/>\nJamstveni organ vodi \u0161olski ravnatelj.<br \/>\n2. Jamstveni organ, ki ga omenja 1. odstavek, dolo\u010da, po predstavitvi pro\u0161nje dijakov vi\u0161je srednje \u0161ole ali<br \/>\nkaterikoli zainteresirane osebe, tudi o sporih, ki bi nastali pri izvajanju tega pravilnika v okviru \u0161ole.<br \/>\n3. Ravnatelj De\u017eelnega \u0161olskega urada ali poverjeni funkcionar dokon\u010dno odlo\u010da o prito\u017ebah dijakov vi\u0161jih<br \/>\nsrednjih \u0161ol oziroma drugih zainteresiranih oseb proti kr\u0161itvam pri\u010dujo\u010dega pravilnika, tudi s strani<br \/>\n\u0161olskih pravilnikov posameznih zavodov. Odlo\u010ditev sprejme na podlagi obvezujo\u010dega mnenja<br \/>\nde\u017eelnega jamstvenega organa. Za vi\u0161je srednje \u0161ole sestavljajo organ dva dijaka, ki ju imenuje<br \/>\npokrajinska konzulta dijakov na de\u017eelni ravni, trije profesorji in en predstavnik star\u0161ev, imenovani v<br \/>\nsklopu de\u017eelne \u0161olske skupnosti. Organu predseduje De\u017eelni \u0161olski ravnatelj ali njegov predstavnik. Za<br \/>\nni\u017eje srednje \u0161ole sta v Jamstveni organ imenovana namesto dijakov dodatna dva predstavnika star\u0161ev.<br \/>\n4. De\u017eelni jamstveni organ preverja korektno izvajanje zakonskih dolo\u010dil in pravilnikov, ter postopa<br \/>\nizklju\u010dno na osnovi zbrane dokumentacije in morebitnih pisnih pri\u010devanj oseb, ki predstavijo prito\u017ebo,<br \/>\nali Uprave.<br \/>\n5. Mnenje, navedeno v 4. odstavku, mora organ sporo\u010diti v roku 30. dni. V slu\u010daju, da je rok zapadel in<br \/>\nmnenje ni bilo spro\u010deno, oziroma, da organ, omenjen v 3. odstavku, ni predlagal postopka, lahko<br \/>\nDe\u017eelni \u0161olski ravnatelj odlo\u010da brez mnenja tega organa. V tem primeru izvaja dolo\u010dila 4. odstavka 16.<br \/>\n\u010dlena zakona \u0161t. 241 z dne 7. avgusta 1990.<br \/>\n6. Vsak De\u017eelni \u0161olski urad dolo\u010da s posebnim aktom najbolj primerne postopke za imenovanje<br \/>\nprofesorjev in star\u0161ev v de\u017eelni jamstveni organ z namenom, da mu zajam\u010di stalno in u\u010dinkovito<br \/>\ndelovanje.<br \/>\n7. Jamstveni organ v 3. odstavku je izvoljen za dve \u0161olski leti.<br \/>\n5. bis \u010dlen &#8211; Dogovor o vzgojni soodgovornosti<br \/>\n1 \u2013 So\u010dasno z vpisom v posamezno \u0161olsko ustanovo, dijaki in star\u0161i podpi\u0161ejo Dogovor o vzgojni<br \/>\nsoodgovornosti, ki podrobno in vzajemno dolo\u010da pravice in dol\u017enosti v odnosih med avtonomno \u0161olsko<br \/>\n5<br \/>\nustanovo, dijaki in dru\u017einami.<br \/>\n2. Posamezni zavodni pravilniki urejujejo postopke za podpis ter za sestavo in preverjanje dogovora, ki ga<br \/>\ndolo\u010da 1. \u010dlen.<br \/>\n3. V prvih dveh tednih pouka, vsaka \u0161ola izvaja najbolj primerne pobude za sprejem novih dijakov, za<br \/>\npredstavitev in razumevanje Statuta dijakinj in dijakov, Vgojno\u2013izobra\u017eevalnega na\u010drta, \u0161olskih<br \/>\npravilnikov in Dogovora o vzgojni soodgovornosti.<br \/>\n6. \u010dlen &#8211; Sklepna navodila<br \/>\n1. \u0160olski pravilnik in listina \u0161olskih storitev, predvidena v obstoje\u010dih dolo\u010dilih, se sprejmeta<br \/>\nali spremenita po posvetu z dijaki vi\u0161je srednje \u0161ole oziroma s star\u0161i dijakov ni\u017eje srednje<br \/>\n\u0161ole.<br \/>\n2. Izvod tega pravilnika in izvod temeljnih dokumentov \u0161ole dobijo dijaki ob vpisu.<br \/>\n3. \u010crtano je III. poglavje I. dela Kraljevega odloka \u0161t. 653 z dne 4. maja 1925.<br \/>\nTa odlok, opremljen z dr\u017eavnim \u017eigom, bo vklju\u010den v Uradno zbirko normativnih aktov Italijanske<br \/>\nrepublike. Vsi tisti, ki jih zadeva, ga morajo spo\u0161tovati in skrbeti, da se izvaja.<br \/>\nOPR \u0161t. 249\/1998 &#8211; Rim, dne 24. jun. 1998 &#8211; Preds. SCALFARO &#8211; Min. preds. PRODI &#8211; Min. za \u0161olstvo BERLINGUER<br \/>\nOPR \u0161t. 235\/2007 &#8211; Rim, 21. nov. 2007 &#8211; Preds. NAPOLITANO &#8211; Min. preds. PRODI &#8211; Min. za \u0161olstvo FIORONI<\/p>\n","protected":false},"excerpt":{"rendered":"<p>STATUT DIJAKINJ IN DIJAKOV SREDNJIH \u0160OL OPR \u0161t. 249\/1998 spremenjen z OPR \u0161t. 235\/2007 l.\u010dlen &#8211; \u017divljenje v \u0161olski skupnosti 1. Namen \u0161ole sta vzgoja in izobra\u017eevanje prek u\u010denja, pridobivanja znanja in razvoja kriti\u010dne zavesti. 2. [&hellip;]<\/p>\n","protected":false},"author":4,"featured_media":7328,"parent":0,"menu_order":0,"comment_status":"closed","ping_status":"closed","template":"","meta":{"footnotes":""},"tags":[],"class_list":["post-7496","page","type-page","status-publish","has-post-thumbnail","hentry"],"_links":{"self":[{"href":"https:\/\/zigazois.edu.it\/sl\/wp-json\/wp\/v2\/pages\/7496","targetHints":{"allow":["GET"]}}],"collection":[{"href":"https:\/\/zigazois.edu.it\/sl\/wp-json\/wp\/v2\/pages"}],"about":[{"href":"https:\/\/zigazois.edu.it\/sl\/wp-json\/wp\/v2\/types\/page"}],"author":[{"embeddable":true,"href":"https:\/\/zigazois.edu.it\/sl\/wp-json\/wp\/v2\/users\/4"}],"replies":[{"embeddable":true,"href":"https:\/\/zigazois.edu.it\/sl\/wp-json\/wp\/v2\/comments?post=7496"}],"version-history":[{"count":2,"href":"https:\/\/zigazois.edu.it\/sl\/wp-json\/wp\/v2\/pages\/7496\/revisions"}],"predecessor-version":[{"id":8050,"href":"https:\/\/zigazois.edu.it\/sl\/wp-json\/wp\/v2\/pages\/7496\/revisions\/8050"}],"wp:featuredmedia":[{"embeddable":true,"href":"https:\/\/zigazois.edu.it\/sl\/wp-json\/wp\/v2\/media\/7328"}],"wp:attachment":[{"href":"https:\/\/zigazois.edu.it\/sl\/wp-json\/wp\/v2\/media?parent=7496"}],"wp:term":[{"taxonomy":"post_tag","embeddable":true,"href":"https:\/\/zigazois.edu.it\/sl\/wp-json\/wp\/v2\/tags?post=7496"}],"curies":[{"name":"wp","href":"https:\/\/api.w.org\/{rel}","templated":true}]}}