{"id":7963,"date":"2024-04-11T08:04:40","date_gmt":"2024-04-11T08:04:40","guid":{"rendered":"https:\/\/zigazois.edu.it\/?page_id=7963"},"modified":"2024-08-30T18:32:49","modified_gmt":"2024-08-30T18:32:49","slug":"predstavitev-sole","status":"publish","type":"page","link":"https:\/\/zigazois.edu.it\/sl\/predstavitev-sole\/","title":{"rendered":"Predstavitev \u0161ole"},"content":{"rendered":"<p><strong>Na DTZ \u017dige Zoisa<\/strong> izobra\u017eujemo dijake na dveh podro\u010djih: na ekonomskem podro\u010dju imamo smer Uprava, finance in marketing, na tehnolo\u0161kem podro\u010dju pa Gradnje, okolje in prostor.<\/p>\n<p>Osnovni cilj na\u0161ega dela je \u0161irjenje znanja ter splo\u0161nih, strokovnih in socialnih kompetenc dijakov. \u010cim bolj\u0161e jih \u017eelimo pripraviti za vstop v \u017eivljenje in v delovno ali \u0161tudijsko okolje. \u017divimo namre\u010d v dru\u017ebi znanja in vse\u017eivljenjskega u\u010denja in zavedamo se, da je u\u010denje osnova za vsak bodo\u010di uspeh. Trudimo se, da bi jih nau\u010dili u\u010diti se, radovedno raziskovati in ceniti znanje.<\/p>\n<p>Seveda \u017eelimo, da bi mladi v \u0161olo prihajali z veseljem in se brez te\u017eav redno in uspe\u0161no u\u010dili, zato se trudimo za pozitivno klimo na \u0161oli in dobre medosebne odnose. Zavedamo pa se, da je \u0161olska pot ve\u010dkrat te\u017eka in zahtevna, da je ve\u010dina na\u0161ih mladih tudi izven \u0161ole aktivna in polno zasedena, da jim je prostega \u010dasa vedno premalo. Vsekakor ne moremo mimo dejstva, da sta za dosego znanja, kompetenc in vsakega uspeha v \u017eivljenju potrebna delo in trud, saj uspehi redkokdaj pridejo sami od sebe.<\/p>\n<p>Da bi bilo \u0161olsko delo \u010dim bolj privla\u010dno in raznoliko, vpletamo vanj vrsto dodatnih dejavnosti, ki povezujejo \u0161olo z okoljem in presegajo predmetne vsebine, ter te\u017eijo k razvijanju socialnih in dr\u017eavljanskih kompetenc. Projekti Stiki z delovnim okoljem in usmerjanje, Zdravstvena in \u0161portna vzgoja, Spoznavanje okolja in kultura potovanja, Vzgoja aktivnega dr\u017eavljana, \u00a0Umetnostna vzgoja prispevajo k oblikovanju razgledanih, aktivnih in kriti\u010dnih mladih ljudi.<\/p>\n<p>Podrobno preglejte na\u010drt Vzgojno izobra\u017eevalne ponudbe na\u0161ega zavoda. Upamo, da boste v njem na\u0161li zanimive vsebine in cilje, ki jih sami zasledujete.<\/p>\n<p>Dobrodo\u0161li boste tudi na \u0161oli za pogovor in dodatne informacije!..<\/p>\n<p>&nbsp;<\/p>\n<p style=\"text-align: right;\">Ravnateljica<\/p>\n","protected":false},"excerpt":{"rendered":"<p>Na DTZ \u017dige Zoisa izobra\u017eujemo dijake na dveh podro\u010djih: na ekonomskem podro\u010dju imamo smer Uprava, finance in marketing, na tehnolo\u0161kem podro\u010dju pa Gradnje, okolje in prostor. Osnovni cilj na\u0161ega dela je \u0161irjenje znanja ter splo\u0161nih, strokovnih [&hellip;]<\/p>\n","protected":false},"author":4,"featured_media":7435,"parent":0,"menu_order":0,"comment_status":"closed","ping_status":"closed","template":"","meta":{"footnotes":""},"tags":[],"class_list":["post-7963","page","type-page","status-publish","has-post-thumbnail","hentry"],"_links":{"self":[{"href":"https:\/\/zigazois.edu.it\/sl\/wp-json\/wp\/v2\/pages\/7963","targetHints":{"allow":["GET"]}}],"collection":[{"href":"https:\/\/zigazois.edu.it\/sl\/wp-json\/wp\/v2\/pages"}],"about":[{"href":"https:\/\/zigazois.edu.it\/sl\/wp-json\/wp\/v2\/types\/page"}],"author":[{"embeddable":true,"href":"https:\/\/zigazois.edu.it\/sl\/wp-json\/wp\/v2\/users\/4"}],"replies":[{"embeddable":true,"href":"https:\/\/zigazois.edu.it\/sl\/wp-json\/wp\/v2\/comments?post=7963"}],"version-history":[{"count":6,"href":"https:\/\/zigazois.edu.it\/sl\/wp-json\/wp\/v2\/pages\/7963\/revisions"}],"predecessor-version":[{"id":8679,"href":"https:\/\/zigazois.edu.it\/sl\/wp-json\/wp\/v2\/pages\/7963\/revisions\/8679"}],"wp:featuredmedia":[{"embeddable":true,"href":"https:\/\/zigazois.edu.it\/sl\/wp-json\/wp\/v2\/media\/7435"}],"wp:attachment":[{"href":"https:\/\/zigazois.edu.it\/sl\/wp-json\/wp\/v2\/media?parent=7963"}],"wp:term":[{"taxonomy":"post_tag","embeddable":true,"href":"https:\/\/zigazois.edu.it\/sl\/wp-json\/wp\/v2\/tags?post=7963"}],"curies":[{"name":"wp","href":"https:\/\/api.w.org\/{rel}","templated":true}]}}