{"id":8093,"date":"2024-04-12T14:32:17","date_gmt":"2024-04-12T14:32:17","guid":{"rendered":"https:\/\/zigazois.edu.it\/?page_id=8093"},"modified":"2024-08-20T14:55:58","modified_gmt":"2024-08-20T14:55:58","slug":"pravne-opombe","status":"publish","type":"page","link":"https:\/\/zigazois.edu.it\/sl\/pravne-opombe\/","title":{"rendered":"Pravne opombe"},"content":{"rendered":"<h3 data-element=\"legal-notes-section\">Licenca vsebine<\/h3>\n<p data-element=\"legal-notes-body\">V skladu s principom &#8220;open by default&#8221; po \u010dlenu 52 zakona 7. marca 2005, \u0161t. 82 (CAD) in razen kjer je druga\u010de navedeno (vklju\u010dno z vdelanimi vsebinami tretjih oseb), so podatki, dokumenti in informacije objavljene na spletnem mestu izdane pod <a href=\"https:\/\/creativecommons.org\/licenses\/by\/4.0\/legalcode.it\">licenco CC-BY 4.0<\/a>. Uporabniki so torej prosto lahko delili (kopirali, distribuirali, javno komunicirali, razstavljali), predstavili, izvajali in igrali ta material z vsemi sredstvi in formati ter spreminjali (spreminjali material in ga uporabljali za izpeljane del) za kakr\u0161en koli namen, tudi komercialni, z edino obveznostjo navajanja avtorstva, brez dodatnih omejitev.<\/p>\n","protected":false},"excerpt":{"rendered":"<p>Licenca vsebine V skladu s principom &#8220;open by default&#8221; po \u010dlenu 52 zakona 7. marca 2005, \u0161t. 82 (CAD) in razen kjer je druga\u010de navedeno (vklju\u010dno z vdelanimi vsebinami tretjih oseb), so podatki, dokumenti in informacije [&hellip;]<\/p>\n","protected":false},"author":4,"featured_media":0,"parent":0,"menu_order":0,"comment_status":"closed","ping_status":"closed","template":"","meta":{"footnotes":""},"tags":[],"class_list":["post-8093","page","type-page","status-publish","hentry"],"_links":{"self":[{"href":"https:\/\/zigazois.edu.it\/sl\/wp-json\/wp\/v2\/pages\/8093","targetHints":{"allow":["GET"]}}],"collection":[{"href":"https:\/\/zigazois.edu.it\/sl\/wp-json\/wp\/v2\/pages"}],"about":[{"href":"https:\/\/zigazois.edu.it\/sl\/wp-json\/wp\/v2\/types\/page"}],"author":[{"embeddable":true,"href":"https:\/\/zigazois.edu.it\/sl\/wp-json\/wp\/v2\/users\/4"}],"replies":[{"embeddable":true,"href":"https:\/\/zigazois.edu.it\/sl\/wp-json\/wp\/v2\/comments?post=8093"}],"version-history":[{"count":1,"href":"https:\/\/zigazois.edu.it\/sl\/wp-json\/wp\/v2\/pages\/8093\/revisions"}],"predecessor-version":[{"id":8094,"href":"https:\/\/zigazois.edu.it\/sl\/wp-json\/wp\/v2\/pages\/8093\/revisions\/8094"}],"wp:attachment":[{"href":"https:\/\/zigazois.edu.it\/sl\/wp-json\/wp\/v2\/media?parent=8093"}],"wp:term":[{"taxonomy":"post_tag","embeddable":true,"href":"https:\/\/zigazois.edu.it\/sl\/wp-json\/wp\/v2\/tags?post=8093"}],"curies":[{"name":"wp","href":"https:\/\/api.w.org\/{rel}","templated":true}]}}