{"id":8097,"date":"2024-04-12T14:09:51","date_gmt":"2024-04-12T14:09:51","guid":{"rendered":"https:\/\/zigazois.edu.it\/?page_id=8097"},"modified":"2024-08-21T07:19:01","modified_gmt":"2024-08-21T07:19:01","slug":"cookie-policy","status":"publish","type":"page","link":"https:\/\/zigazois.edu.it\/sl\/cookie-policy\/","title":{"rendered":"Cookie Policy"},"content":{"rendered":"<h3>Politika pi\u0161kotkov<\/h3>\n<p>Spletna stran: https:\/\/zigazois.edu.it<br \/>\n<strong>Politika pi\u0161kotkov:<\/strong><\/p>\n<p>Spletna stran na domeni https:\/\/zigazois.edu.it NE UPORABLJA pi\u0161kotkov tretjih oseb, uporablja le tehni\u010dne pi\u0161kotke, za katere soglasje ni potrebno.<\/p>\n<p><strong>Tehni\u010dni pi\u0161kotki, za katere soglasje ni potrebno<\/strong><\/p>\n<p>Teko\u010di pi\u0161kotki, za katere ni potrebno soglasje za obdelavo, so naslednji:<\/p>\n<p>a) Pi\u0161kotki, povezani z dejavnostmi, ki so nujno potrebne za delovanje spletne strani in zagotavljanje storitev: so pi\u0161kotki, ki zagotavljajo normalno navigacijo spletne strani. V ve\u010dini primerov gre za sejne pi\u0161kotke.<\/p>\n<p>b) Pi\u0161kotki funkcionalnosti, povezani z dejavnostmi optimizacije: so pi\u0161kotki, ki uporabniku omogo\u010dajo navigacijo po spletni strani na podlagi izbranih kriterijev (kot so jezik, valuta, vsebina nakupovalne ko\u0161arice med spletnim nakupovanjem), da omogo\u010dijo uporabo storitev in\/ali jih izbolj\u0161ajo. V ve\u010dini primerov gre za pi\u0161kotke, ki imajo najve\u010djo trajanje 365 dni.<\/p>\n<p>Vsi tehni\u010dni pi\u0161kotki ne potrebujejo soglasja, zato se namestijo samodejno ob dostopu na spletno stran in se ne uporabljajo za druge namene.<\/p>\n<p><strong>Politika pi\u0161kotkov z zunanjih strani:<\/strong><\/p>\n<p>Nekatere storitve, kot so:<\/p>\n<ul>\n<li>Online razpis;<\/li>\n<li>Transparentno upravljanje;<\/li>\n<li>Elektronski register<\/li>\n<\/ul>\n<p>se sklicujejo na zunanje domene, ki niso neposredno pod nadzorom in\u0161tituta, zato je uporabnik dol\u017ean dati ali zavrniti soglasje glede na pogoje, dolo\u010dene na teh zunanjih straneh v skladu z njihovimi politiki pi\u0161kotkov in veljavno zakonodajo.<br \/>\n<strong>Kako preveriti, ali spletna stran uporablja pi\u0161kotke?<\/strong><\/p>\n<p>Preverite lahko, ali spletna stran uporablja in shranjuje pi\u0161kotke na dva na\u010dina:<\/p>\n<p>Eden je ro\u010dno preverjanje z uporabo nastavitev brskalnika, drugi pa z uporabo spletnega preverjevalnika pi\u0161kotkov.<\/p>\n<p>Pi\u0161kotke na spletni strani lahko preverite z uporabo konzole za razvijalce vseh glavnih brskalnikov, kot so Google Chrome, Safari, Microsoft Edge, Mozilla Firefox in Opera. Za ve\u010d informacij poi\u0161\u010dite v Googlu, kako to narediti.<\/p>\n<p>Druga metoda je uporaba spletnega skenerja pi\u0161kotkov, ki bo pregledal va\u0161o spletno stran za pi\u0161kotke in jih identificiral. Ti so veliko bolj\u0161i od ro\u010dnih metod, saj so hitri in vam ni treba skrbeti za kategorizacijo pi\u0161kotkov. Za ve\u010d informacij poi\u0161\u010dite v Googlu, kako to narediti.<\/p>\n<p><strong>Izklju\u010dno informativno, tukaj so podrobne informacije o pi\u0161kotkih:<\/strong><\/p>\n<p><strong>Kaj je pi\u0161kotek?<\/strong><\/p>\n<p><strong>Pi\u0161kotki brskalnika:<\/strong><\/p>\n<p>Pi\u0161kotki so informacije, ki jih spletna stran shranjuje na va\u0161em napravi za brskanje, ko obi\u0161\u010dete stran. Lahko vklju\u010dujejo prenos informacij med spletnim mestom in va\u0161o napravo ter med to napravo in drugimi spletnimi mesti, ki delujejo v na\u0161em imenu ali zasebno, v skladu s politiko zasebnosti. Pi\u0161kotke lahko uporabimo za zbiranje informacij, ki jih zberemo o vas. Odlo\u010dite se lahko, da prejmete opozorilo vsakokrat, ko je poslan pi\u0161kotek, ali da onemogo\u010dite vse pi\u0161kotke z spremembo nastavitev brskalnika. Vendar pa lahko onemogo\u010danje pi\u0161kotkov pomeni, da nekateri na\u0161i storitvi ne bodo delovali pravilno in ne boste mogli dostopati do \u0161tevilnih funkcij, zasnovanih za izbolj\u0161anje va\u0161e izku\u0161nje pri brskanju po spletnem mestu. Za ve\u010d informacij o upravljanju ali onemogo\u010danju pi\u0161kotkov brskalnika si oglejte zadnji del te politike pi\u0161kotkov.<\/p>\n<p>Uporabljamo razli\u010dne vrste pi\u0161kotkov z razli\u010dnimi funkcijami.<\/p>\n<p><strong>1. Pi\u0161kotki, nujno potrebni<\/strong><\/p>\n<p>Ti pi\u0161kotki so klju\u010dni za navigacijo po spletni strani in uporabo nekaterih funkcij. Brez nujno potrebnih pi\u0161kotkov storitve na spletu, ki ste jih zahtevali, ne morejo biti zagotovljene.<\/p>\n<p>Za nujno potrebne pi\u0161kotke ni potrebno soglasje, saj so nujni za zagotavljanje zahtevanih storitev.<\/p>\n<p><strong>2. Pi\u0161kotki za delovanje<\/strong><\/p>\n<p>Morda bomo na va\u0161o napravo za brskanje namestili pi\u0161kotke za delovanje. Informacije, zbrane s pi\u0161kotki za delovanje, se uporabljajo izklju\u010dno z nami ali v na\u0161em interesu.<\/p>\n<p>Pi\u0161kotki za delovanje zbirajo anonimne informacije o tem, kako uporabniki uporabljajo spletno stran in njene razli\u010dne funkcionalnosti. Na primer, na\u0161i pi\u0161kotki za delovanje zbirajo informacije o straneh spletnega mesta, ki jih pogosto obiskujete, ter o na\u0161ih oglasih, ki se pojavljajo na drugih spletnih straneh, s katerimi komunicirate, ter o tem, ali odpirate in preberete sporo\u010dila, ki vam jih po\u0161ljemo in ali prejemate sporo\u010dila o napakah. Zbrane informacije se lahko uporabijo za prilagoditev va\u0161e izku\u0161nje na spletu z prikazovanjem specifi\u010dnih vsebin. Pi\u0161kotki za delovanje se uporabljajo tudi za omejitev \u0161tevila prikazov istega ogla\u0161evalska oglasa. Na\u0161i pi\u0161kotki za delovanje ne zbirajo osebnih podatkov.<\/p>\n<p>Z nadaljevanjem uporabe te spletne strani in njenih funkcionalnosti sogla\u0161ate, da mi (in zunanji ogla\u0161evalci te spletne strani) namestimo pi\u0161kotke za delovanje na va\u0161o napravo za brskanje.<\/p>\n<p>Za odstranjevanje ali upravljanje pi\u0161kotkov za delovanje glejte zadnji del te politike pi\u0161kotkov.<\/p>\n<p><strong>3. Pi\u0161kotki za funkcionalnost<\/strong><\/p>\n<p>Morda bomo na va\u0161o napravo za brskanje namestili pi\u0161kotke za funkcionalnost. Informacije, zbrane s pi\u0161kotki za funkcionalnost, ne delimo z na\u0161imi ogla\u0161evalci ali tretjimi osebami.<\/p>\n<p>Ti pi\u0161kotki se uporabljajo za shranjevanje izbir, ki jih opravite (preferenca jezika, dr\u017eava ali druge nastavitve na spletu) in za zagotavljanje prilagojenih ali optimiziranih funkcionalnosti, ki ste jih izbrali. Pi\u0161kotki za funkcionalnost se lahko uporabljajo za zagotavljanje spletnih storitev ali za prepre\u010devanje, da vam bodo ponujene storitve, ki ste jih prej zavrnili.<\/p>\n<p>V nekaterih primerih lahko dovolimo ogla\u0161evalcem ali tretjim osebam, da vam zagotavljajo vsebine in druge spletne izku\u0161nje preko te spletne strani. V tem primeru lahko tretja oseba namesti svoje pi\u0161kotke za funkcionalnost na va\u0161o napravo in jih uporablja, podobno kot mi, za zagotavljanje prilagojenih funkcionalnosti in optimizacijo va\u0161e izku\u0161nje. Z izbiro prilagojenih in optimiziranih mo\u017enosti ali funkcionalnosti sogla\u0161ate z uporabo pi\u0161kotkov za funkcionalnost, ki so potrebni za zagotavljanje teh izku\u0161enj s strani nas (in tretjih oseb).<\/p>\n<p>\u010ce odstranite pi\u0161kotke za funkcionalnost, izbrane preference ali nastavitve ne bodo shranjene za prihodnje obiske.<\/p>\n<p><strong>Omogo\u010danje\/onemogo\u010danje pi\u0161kotkov preko brskalnika<\/strong><\/p>\n<p>Obstajajo razli\u010dni na\u010dini za upravljanje pi\u0161kotkov in drugih tehnologij za sledenje. Z spremembo nastavitev brskalnika lahko sprejmete ali zavrnete pi\u0161kotke ali se odlo\u010dite, da prejmete obvestilo pred sprejetjem pi\u0161kotka s spletnih mest, ki jih obi\u0161\u010dete. Upo\u0161tevajte, da popolno onemogo\u010danje pi\u0161kotkov v brskalniku lahko pomeni, da ne boste mogli uporabljati vseh na\u0161ih interaktivnih funkcij.<\/p>\n<p>\u010ce uporabljate ve\u010d ra\u010dunalnikov na razli\u010dnih mestih, poskrbite, da je vsak brskalnik nastavljen v skladu z va\u0161imi preferencami.<\/p>\n<p>Pi\u0161kotke, name\u0161\u010dene v mapi pi\u0161kotkov va\u0161ega brskalnika, lahko izbri\u0161ete. Vsak brskalnik ima razli\u010dne postopke za upravljanje nastavitev. Kliknite na enega od naslednjih povezav za posebna navodila: <a href=\"http:\/\/windows.microsoft.com\/it-it\/windows7\/block-enable-or-allow-cookies\">Microsoft Windows Explorer<\/a>, <a href=\"https\n<\/p>\n","protected":false},"excerpt":{"rendered":"<p>Politika pi\u0161kotkov Spletna stran: https:\/\/zigazois.edu.it Politika pi\u0161kotkov: Spletna stran na domeni https:\/\/zigazois.edu.it NE UPORABLJA pi\u0161kotkov tretjih oseb, uporablja le tehni\u010dne pi\u0161kotke, za katere soglasje ni potrebno. Tehni\u010dni pi\u0161kotki, za katere soglasje ni potrebno Teko\u010di pi\u0161kotki, za [&hellip;]<\/p>\n","protected":false},"author":4,"featured_media":0,"parent":0,"menu_order":0,"comment_status":"closed","ping_status":"closed","template":"","meta":{"footnotes":""},"tags":[],"class_list":["post-8097","page","type-page","status-publish","hentry"],"_links":{"self":[{"href":"https:\/\/zigazois.edu.it\/sl\/wp-json\/wp\/v2\/pages\/8097","targetHints":{"allow":["GET"]}}],"collection":[{"href":"https:\/\/zigazois.edu.it\/sl\/wp-json\/wp\/v2\/pages"}],"about":[{"href":"https:\/\/zigazois.edu.it\/sl\/wp-json\/wp\/v2\/types\/page"}],"author":[{"embeddable":true,"href":"https:\/\/zigazois.edu.it\/sl\/wp-json\/wp\/v2\/users\/4"}],"replies":[{"embeddable":true,"href":"https:\/\/zigazois.edu.it\/sl\/wp-json\/wp\/v2\/comments?post=8097"}],"version-history":[{"count":1,"href":"https:\/\/zigazois.edu.it\/sl\/wp-json\/wp\/v2\/pages\/8097\/revisions"}],"predecessor-version":[{"id":8099,"href":"https:\/\/zigazois.edu.it\/sl\/wp-json\/wp\/v2\/pages\/8097\/revisions\/8099"}],"wp:attachment":[{"href":"https:\/\/zigazois.edu.it\/sl\/wp-json\/wp\/v2\/media?parent=8097"}],"wp:term":[{"taxonomy":"post_tag","embeddable":true,"href":"https:\/\/zigazois.edu.it\/sl\/wp-json\/wp\/v2\/tags?post=8097"}],"curies":[{"name":"wp","href":"https:\/\/api.w.org\/{rel}","templated":true}]}}